{"id":3444,"date":"2022-04-18T18:50:37","date_gmt":"2022-04-18T18:50:37","guid":{"rendered":"http:\/\/paautos.gt\/inicio\/?page_id=3444"},"modified":"2022-04-19T22:19:47","modified_gmt":"2022-04-19T22:19:47","slug":"amortiguadores-kyb","status":"publish","type":"page","link":"http:\/\/paautos.gt\/inicio\/amortiguadores-kyb\/","title":{"rendered":"Amortiguadores KYB"},"content":{"rendered":"\t\t<div data-elementor-type=\"wp-page\" data-elementor-id=\"3444\" class=\"elementor elementor-3444\" data-elementor-post-type=\"page\">\n\t\t\t\t\t\t<section class=\"elementor-section elementor-top-section elementor-element elementor-element-2c2f44f elementor-section-boxed elementor-section-height-default elementor-section-height-default\" data-id=\"2c2f44f\" data-element_type=\"section\" data-settings=\"{&quot;background_background&quot;:&quot;classic&quot;}\">\n\t\t\t\t\t\t<div class=\"elementor-container elementor-column-gap-default\">\n\t\t\t\t\t<div class=\"elementor-column elementor-col-100 elementor-top-column elementor-element elementor-element-d91b417\" data-id=\"d91b417\" data-element_type=\"column\">\n\t\t\t<div class=\"elementor-widget-wrap elementor-element-populated\">\n\t\t\t\t\t\t<section class=\"elementor-section elementor-inner-section elementor-element elementor-element-06491b6 elementor-section-boxed elementor-section-height-default elementor-section-height-default\" data-id=\"06491b6\" data-element_type=\"section\">\n\t\t\t\t\t\t<div class=\"elementor-container elementor-column-gap-default\">\n\t\t\t\t\t<div class=\"elementor-column elementor-col-50 elementor-inner-column elementor-element elementor-element-f06d531\" data-id=\"f06d531\" data-element_type=\"column\">\n\t\t\t<div class=\"elementor-widget-wrap elementor-element-populated\">\n\t\t\t\t\t\t<div class=\"elementor-element elementor-element-1ce8afc elementor-widget elementor-widget-theme-post-title elementor-page-title elementor-widget-heading\" data-id=\"1ce8afc\" data-element_type=\"widget\" data-widget_type=\"theme-post-title.default\">\n\t\t\t\t<div class=\"elementor-widget-container\">\n\t\t\t\t\t<h1 class=\"elementor-heading-title elementor-size-default\">Amortiguadores KYB<\/h1>\t\t\t\t<\/div>\n\t\t\t\t<\/div>\n\t\t\t\t<div class=\"elementor-element elementor-element-e4477a4 elementor-widget elementor-widget-text-editor\" data-id=\"e4477a4\" data-element_type=\"widget\" data-widget_type=\"text-editor.default\">\n\t\t\t\t<div class=\"elementor-widget-container\">\n\t\t\t\t\t\t\t\t\t<p class=\"lead\">Somos importadores y distribuidores de <strong>amortiguadores KYB en Guatemala<\/strong>.<br \/>\nKYB es uno de los mayores fabricantes de amortiguadores para veh\u00edculos, siendo una de las empresas l\u00edderes de la industria a nivel mundial.\u00a0 La excelencia\u00a0 en fabricaci\u00f3n, calidad y tecnolog\u00eda son las principales caracter\u00edsticas de los amortiguadores KYB.<\/p>\n<p class=\"lead\">Nuestros clientes prefieren los amortiguadores KYB pues son utilizados en veh\u00edculos en m\u00e1s de 100 pa\u00edses y con cuentan con m\u00e1s de 100 a\u00f1os en el mercado.<\/p>\n\t\t\t\t\t\t\t\t<\/div>\n\t\t\t\t<\/div>\n\t\t\t\t\t<\/div>\n\t\t<\/div>\n\t\t\t\t<div class=\"elementor-column elementor-col-50 elementor-inner-column elementor-element elementor-element-ee57003\" data-id=\"ee57003\" data-element_type=\"column\">\n\t\t\t<div class=\"elementor-widget-wrap elementor-element-populated\">\n\t\t\t\t\t\t<div class=\"elementor-element elementor-element-fca0650 elementor-widget elementor-widget-image\" data-id=\"fca0650\" data-element_type=\"widget\" data-widget_type=\"image.default\">\n\t\t\t\t<div class=\"elementor-widget-container\">\n\t\t\t\t\t\t\t\t\t\t\t\t\t\t\t<img fetchpriority=\"high\" decoding=\"async\" width=\"536\" height=\"558\" src=\"https:\/\/paautos.gt\/inicio\/wp-content\/uploads\/2022\/04\/amortiguadores-kyb.jpg\" class=\"attachment-large size-large wp-image-3499\" alt=\"\" srcset=\"https:\/\/paautos.gt\/inicio\/wp-content\/uploads\/2022\/04\/amortiguadores-kyb.jpg 536w, https:\/\/paautos.gt\/inicio\/wp-content\/uploads\/2022\/04\/amortiguadores-kyb-288x300.jpg 288w\" sizes=\"(max-width: 536px) 100vw, 536px\" \/>\t\t\t\t\t\t\t\t\t\t\t\t\t\t\t<\/div>\n\t\t\t\t<\/div>\n\t\t\t\t\t<\/div>\n\t\t<\/div>\n\t\t\t\t\t<\/div>\n\t\t<\/section>\n\t\t\t\t\t<\/div>\n\t\t<\/div>\n\t\t\t\t\t<\/div>\n\t\t<\/section>\n\t\t\t\t<section class=\"elementor-section elementor-top-section elementor-element elementor-element-25b06d0 elementor-section-boxed elementor-section-height-default elementor-section-height-default\" data-id=\"25b06d0\" data-element_type=\"section\" data-settings=\"{&quot;background_background&quot;:&quot;classic&quot;}\">\n\t\t\t\t\t\t<div class=\"elementor-container elementor-column-gap-default\">\n\t\t\t\t\t<div class=\"elementor-column elementor-col-100 elementor-top-column elementor-element elementor-element-5b1b65c\" data-id=\"5b1b65c\" data-element_type=\"column\">\n\t\t\t<div class=\"elementor-widget-wrap elementor-element-populated\">\n\t\t\t\t\t\t<section class=\"elementor-section elementor-inner-section elementor-element elementor-element-eeb4fd2 elementor-section-boxed elementor-section-height-default elementor-section-height-default\" data-id=\"eeb4fd2\" data-element_type=\"section\">\n\t\t\t\t\t\t<div class=\"elementor-container elementor-column-gap-default\">\n\t\t\t\t\t<div class=\"elementor-column elementor-col-50 elementor-inner-column elementor-element elementor-element-46825be\" data-id=\"46825be\" data-element_type=\"column\">\n\t\t\t<div class=\"elementor-widget-wrap elementor-element-populated\">\n\t\t\t\t\t\t<div class=\"elementor-element elementor-element-520af8f elementor-widget elementor-widget-image\" data-id=\"520af8f\" data-element_type=\"widget\" data-widget_type=\"image.default\">\n\t\t\t\t<div class=\"elementor-widget-container\">\n\t\t\t\t\t\t\t\t\t\t\t\t\t\t\t<img decoding=\"async\" width=\"668\" height=\"221\" src=\"https:\/\/paautos.gt\/inicio\/wp-content\/uploads\/2022\/04\/logo-kyb.jpg\" class=\"attachment-large size-large wp-image-3466\" alt=\"\" srcset=\"https:\/\/paautos.gt\/inicio\/wp-content\/uploads\/2022\/04\/logo-kyb.jpg 668w, https:\/\/paautos.gt\/inicio\/wp-content\/uploads\/2022\/04\/logo-kyb-300x99.jpg 300w\" sizes=\"(max-width: 668px) 100vw, 668px\" \/>\t\t\t\t\t\t\t\t\t\t\t\t\t\t\t<\/div>\n\t\t\t\t<\/div>\n\t\t\t\t\t<\/div>\n\t\t<\/div>\n\t\t\t\t<div class=\"elementor-column elementor-col-50 elementor-inner-column elementor-element elementor-element-b151cd7\" data-id=\"b151cd7\" data-element_type=\"column\">\n\t\t\t<div class=\"elementor-widget-wrap elementor-element-populated\">\n\t\t\t\t\t\t<div class=\"elementor-element elementor-element-b1dd57b elementor-widget elementor-widget-text-editor\" data-id=\"b1dd57b\" data-element_type=\"widget\" data-widget_type=\"text-editor.default\">\n\t\t\t\t<div class=\"elementor-widget-container\">\n\t\t\t\t\t\t\t\t\t<h2>Historia de los amortiguadores KYB<\/h2>\n<p>KYB fue fundada hace m\u00e1s de un siglo en Jap\u00f3n por Shiro Kayaba en 1919. Durante su exitosa historia, KYB se ha especializado en sistemas hidr\u00e1ulicos, desarrollando tecnolog\u00edas utilizadas ampliamente en industrias como la automotriz, aeron\u00e1utica y mar\u00edtima.<br \/>\nKYB cuenta con 15 f\u00e1bricas en todo el mundo que producen m\u00e1s de 75 millones de amortiguadores anualmente, incluyendo la f\u00e1brica de amortiguadores m\u00e1s grande del mundo, ubicada en Jap\u00f3n, con una capacidad de m\u00e1s de 50 millones de piezas y un sistema altamente automatizado que logra producir una columna de suspensi\u00f3n en tan s\u00f3lo15 segundos.<br \/>\nLos amortiguadores KYB y otros de sus productos, son exportados a m\u00e1s de 100 pa\u00edses de todo el mundo.<\/p>\n\t\t\t\t\t\t\t\t<\/div>\n\t\t\t\t<\/div>\n\t\t\t\t\t<\/div>\n\t\t<\/div>\n\t\t\t\t\t<\/div>\n\t\t<\/section>\n\t\t\t\t<section class=\"elementor-section elementor-inner-section elementor-element elementor-element-eeb31b7 elementor-section-boxed elementor-section-height-default elementor-section-height-default\" data-id=\"eeb31b7\" data-element_type=\"section\" data-settings=\"{&quot;background_background&quot;:&quot;classic&quot;}\">\n\t\t\t\t\t\t<div class=\"elementor-container elementor-column-gap-default\">\n\t\t\t\t\t<div class=\"elementor-column elementor-col-25 elementor-inner-column elementor-element elementor-element-eb18c77\" data-id=\"eb18c77\" data-element_type=\"column\">\n\t\t\t<div class=\"elementor-widget-wrap elementor-element-populated\">\n\t\t\t\t\t\t<div class=\"elementor-element elementor-element-e424a7c elementor-widget elementor-widget-heading\" data-id=\"e424a7c\" data-element_type=\"widget\" data-widget_type=\"heading.default\">\n\t\t\t\t<div class=\"elementor-widget-container\">\n\t\t\t\t\t<h2 class=\"elementor-heading-title elementor-size-default\">+ DE 100 A\u00d1OS<\/h2>\t\t\t\t<\/div>\n\t\t\t\t<\/div>\n\t\t\t\t<div class=\"elementor-element elementor-element-f9ff95e elementor-widget elementor-widget-text-editor\" data-id=\"f9ff95e\" data-element_type=\"widget\" data-widget_type=\"text-editor.default\">\n\t\t\t\t<div class=\"elementor-widget-container\">\n\t\t\t\t\t\t\t\t\t<p class=\"p1\">De experiencia fabricando amortiguadores<\/p>\t\t\t\t\t\t\t\t<\/div>\n\t\t\t\t<\/div>\n\t\t\t\t\t<\/div>\n\t\t<\/div>\n\t\t\t\t<div class=\"elementor-column elementor-col-25 elementor-inner-column elementor-element elementor-element-7b797ac\" data-id=\"7b797ac\" data-element_type=\"column\">\n\t\t\t<div class=\"elementor-widget-wrap elementor-element-populated\">\n\t\t\t\t\t\t<div class=\"elementor-element elementor-element-dcddaab elementor-widget elementor-widget-heading\" data-id=\"dcddaab\" data-element_type=\"widget\" data-widget_type=\"heading.default\">\n\t\t\t\t<div class=\"elementor-widget-container\">\n\t\t\t\t\t<h2 class=\"elementor-heading-title elementor-size-default\">+ DE 75 MILLONES<\/h2>\t\t\t\t<\/div>\n\t\t\t\t<\/div>\n\t\t\t\t<div class=\"elementor-element elementor-element-2e49511 elementor-widget elementor-widget-text-editor\" data-id=\"2e49511\" data-element_type=\"widget\" data-widget_type=\"text-editor.default\">\n\t\t\t\t<div class=\"elementor-widget-container\">\n\t\t\t\t\t\t\t\t\t<p>De amortiguadores y repuestos producidos cada a\u00f1o\u00a0<\/p>\t\t\t\t\t\t\t\t<\/div>\n\t\t\t\t<\/div>\n\t\t\t\t\t<\/div>\n\t\t<\/div>\n\t\t\t\t<div class=\"elementor-column elementor-col-25 elementor-inner-column elementor-element elementor-element-52f50f6\" data-id=\"52f50f6\" data-element_type=\"column\">\n\t\t\t<div class=\"elementor-widget-wrap elementor-element-populated\">\n\t\t\t\t\t\t<div class=\"elementor-element elementor-element-7ad4d97 elementor-widget elementor-widget-heading\" data-id=\"7ad4d97\" data-element_type=\"widget\" data-widget_type=\"heading.default\">\n\t\t\t\t<div class=\"elementor-widget-container\">\n\t\t\t\t\t<h2 class=\"elementor-heading-title elementor-size-default\">+ DE 15 FABRICAS<\/h2>\t\t\t\t<\/div>\n\t\t\t\t<\/div>\n\t\t\t\t<div class=\"elementor-element elementor-element-57708af elementor-widget elementor-widget-text-editor\" data-id=\"57708af\" data-element_type=\"widget\" data-widget_type=\"text-editor.default\">\n\t\t\t\t<div class=\"elementor-widget-container\">\n\t\t\t\t\t\t\t\t\t<p>Los amortiguadores KYB son producidos en f\u00e1bricas en Am\u00e9rica, Asia y Europa<\/p>\t\t\t\t\t\t\t\t<\/div>\n\t\t\t\t<\/div>\n\t\t\t\t\t<\/div>\n\t\t<\/div>\n\t\t\t\t<div class=\"elementor-column elementor-col-25 elementor-inner-column elementor-element elementor-element-2198bf7\" data-id=\"2198bf7\" data-element_type=\"column\">\n\t\t\t<div class=\"elementor-widget-wrap elementor-element-populated\">\n\t\t\t\t\t\t<div class=\"elementor-element elementor-element-329813e elementor-widget elementor-widget-heading\" data-id=\"329813e\" data-element_type=\"widget\" data-widget_type=\"heading.default\">\n\t\t\t\t<div class=\"elementor-widget-container\">\n\t\t\t\t\t<h2 class=\"elementor-heading-title elementor-size-default\">+ DE 100 PAISES<\/h2>\t\t\t\t<\/div>\n\t\t\t\t<\/div>\n\t\t\t\t<div class=\"elementor-element elementor-element-bb69d35 elementor-widget elementor-widget-text-editor\" data-id=\"bb69d35\" data-element_type=\"widget\" data-widget_type=\"text-editor.default\">\n\t\t\t\t<div class=\"elementor-widget-container\">\n\t\t\t\t\t\t\t\t\t<p>Los amortiguadores KYB se utilizan en mas de 100 pa\u00edses en el mundo<\/p>\t\t\t\t\t\t\t\t<\/div>\n\t\t\t\t<\/div>\n\t\t\t\t\t<\/div>\n\t\t<\/div>\n\t\t\t\t\t<\/div>\n\t\t<\/section>\n\t\t\t\t\t<\/div>\n\t\t<\/div>\n\t\t\t\t\t<\/div>\n\t\t<\/section>\n\t\t\t\t<section class=\"elementor-section elementor-top-section elementor-element elementor-element-6b5beaa elementor-section-boxed elementor-section-height-default elementor-section-height-default\" data-id=\"6b5beaa\" data-element_type=\"section\">\n\t\t\t\t\t\t<div class=\"elementor-container elementor-column-gap-default\">\n\t\t\t\t\t<div class=\"elementor-column elementor-col-100 elementor-top-column elementor-element elementor-element-3811f7b\" data-id=\"3811f7b\" data-element_type=\"column\">\n\t\t\t<div class=\"elementor-widget-wrap elementor-element-populated\">\n\t\t\t\t\t\t<div class=\"elementor-element elementor-element-d43857e elementor-widget elementor-widget-heading\" data-id=\"d43857e\" data-element_type=\"widget\" data-widget_type=\"heading.default\">\n\t\t\t\t<div class=\"elementor-widget-container\">\n\t\t\t\t\t<h2 class=\"elementor-heading-title elementor-size-default\">L\u00edneas de amortiguadores KYB<\/h2>\t\t\t\t<\/div>\n\t\t\t\t<\/div>\n\t\t\t\t<section class=\"elementor-section elementor-inner-section elementor-element elementor-element-db5be91 elementor-section-boxed elementor-section-height-default elementor-section-height-default\" data-id=\"db5be91\" data-element_type=\"section\">\n\t\t\t\t\t\t<div class=\"elementor-container elementor-column-gap-default\">\n\t\t\t\t\t<div class=\"elementor-column elementor-col-50 elementor-inner-column elementor-element elementor-element-ce78f65\" data-id=\"ce78f65\" data-element_type=\"column\">\n\t\t\t<div class=\"elementor-widget-wrap elementor-element-populated\">\n\t\t\t\t\t\t<div class=\"elementor-element elementor-element-e64f53b elementor-widget elementor-widget-image\" data-id=\"e64f53b\" data-element_type=\"widget\" data-widget_type=\"image.default\">\n\t\t\t\t<div class=\"elementor-widget-container\">\n\t\t\t\t\t\t\t\t\t\t\t\t\t\t\t<img decoding=\"async\" width=\"737\" height=\"547\" src=\"https:\/\/paautos.gt\/inicio\/wp-content\/uploads\/2022\/04\/kyb-excel.jpg\" class=\"attachment-large size-large wp-image-3480\" alt=\"\" srcset=\"https:\/\/paautos.gt\/inicio\/wp-content\/uploads\/2022\/04\/kyb-excel.jpg 737w, https:\/\/paautos.gt\/inicio\/wp-content\/uploads\/2022\/04\/kyb-excel-300x223.jpg 300w\" sizes=\"(max-width: 737px) 100vw, 737px\" \/>\t\t\t\t\t\t\t\t\t\t\t\t\t\t\t<\/div>\n\t\t\t\t<\/div>\n\t\t\t\t\t<\/div>\n\t\t<\/div>\n\t\t\t\t<div class=\"elementor-column elementor-col-50 elementor-inner-column elementor-element elementor-element-f1e101a\" data-id=\"f1e101a\" data-element_type=\"column\">\n\t\t\t<div class=\"elementor-widget-wrap elementor-element-populated\">\n\t\t\t\t\t\t<div class=\"elementor-element elementor-element-f1adb87 elementor-widget elementor-widget-heading\" data-id=\"f1adb87\" data-element_type=\"widget\" data-widget_type=\"heading.default\">\n\t\t\t\t<div class=\"elementor-widget-container\">\n\t\t\t\t\t<h3 class=\"elementor-heading-title elementor-size-default\">Amortiguadores KYB Excel-G<\/h3>\t\t\t\t<\/div>\n\t\t\t\t<\/div>\n\t\t\t\t<div class=\"elementor-element elementor-element-4048e8b elementor-widget elementor-widget-text-editor\" data-id=\"4048e8b\" data-element_type=\"widget\" data-widget_type=\"text-editor.default\">\n\t\t\t\t<div class=\"elementor-widget-container\">\n\t\t\t\t\t\t\t\t\tAmortiguadores de gas bitubo, columnas y cartuchos para todas las marcas de coches y veh\u00edculos comerciales ligeros.\n\nV\u00e1lvula patentada y el uso de gas nitr\u00f3geno presurizado en la gama Excel-G, restablecer\u00e1 la comodidad de conducci\u00f3n y al mismo tiempo, reducir\u00e1 dr\u00e1sticamente la aireaci\u00f3n o burbujeo que com\u00fanmente ocurre en otros amortiguadores.\t\t\t\t\t\t\t\t<\/div>\n\t\t\t\t<\/div>\n\t\t\t\t\t<\/div>\n\t\t<\/div>\n\t\t\t\t\t<\/div>\n\t\t<\/section>\n\t\t\t\t<section class=\"elementor-section elementor-inner-section elementor-element elementor-element-13caeb5 elementor-section-boxed elementor-section-height-default elementor-section-height-default\" data-id=\"13caeb5\" data-element_type=\"section\">\n\t\t\t\t\t\t<div class=\"elementor-container elementor-column-gap-default\">\n\t\t\t\t\t<div class=\"elementor-column elementor-col-50 elementor-inner-column elementor-element elementor-element-472a3a6\" data-id=\"472a3a6\" data-element_type=\"column\">\n\t\t\t<div class=\"elementor-widget-wrap elementor-element-populated\">\n\t\t\t\t\t\t<div class=\"elementor-element elementor-element-70fbd64 elementor-widget elementor-widget-image\" data-id=\"70fbd64\" data-element_type=\"widget\" data-widget_type=\"image.default\">\n\t\t\t\t<div class=\"elementor-widget-container\">\n\t\t\t\t\t\t\t\t\t\t\t\t\t\t\t<img loading=\"lazy\" decoding=\"async\" width=\"738\" height=\"563\" src=\"https:\/\/paautos.gt\/inicio\/wp-content\/uploads\/2022\/04\/kyb-premium.jpg\" class=\"attachment-large size-large wp-image-3482\" alt=\"\" srcset=\"https:\/\/paautos.gt\/inicio\/wp-content\/uploads\/2022\/04\/kyb-premium.jpg 738w, https:\/\/paautos.gt\/inicio\/wp-content\/uploads\/2022\/04\/kyb-premium-300x229.jpg 300w\" sizes=\"(max-width: 738px) 100vw, 738px\" \/>\t\t\t\t\t\t\t\t\t\t\t\t\t\t\t<\/div>\n\t\t\t\t<\/div>\n\t\t\t\t\t<\/div>\n\t\t<\/div>\n\t\t\t\t<div class=\"elementor-column elementor-col-50 elementor-inner-column elementor-element elementor-element-f1da218\" data-id=\"f1da218\" data-element_type=\"column\">\n\t\t\t<div class=\"elementor-widget-wrap elementor-element-populated\">\n\t\t\t\t\t\t<div class=\"elementor-element elementor-element-9edc123 elementor-widget elementor-widget-heading\" data-id=\"9edc123\" data-element_type=\"widget\" data-widget_type=\"heading.default\">\n\t\t\t\t<div class=\"elementor-widget-container\">\n\t\t\t\t\t<h3 class=\"elementor-heading-title elementor-size-default\">Amortiguadores KYB Premium<\/h3>\t\t\t\t<\/div>\n\t\t\t\t<\/div>\n\t\t\t\t<div class=\"elementor-element elementor-element-29a6f08 elementor-widget elementor-widget-text-editor\" data-id=\"29a6f08\" data-element_type=\"widget\" data-widget_type=\"text-editor.default\">\n\t\t\t\t<div class=\"elementor-widget-container\">\n\t\t\t\t\t\t\t\t\t<p>Nuestra l\u00ednea Premium es una tecnolog\u00eda enfocada a veh\u00edculos de mayor edad, utilizados a velocidades medias.<br \/><strong>KYB Premium<\/strong> est\u00e1 especialmente dise\u00f1ado para compensar el desgaste acumulado en otras partes del sistema de suspensi\u00f3n, proporcionando una mejor conducci\u00f3n y control.<\/p>\t\t\t\t\t\t\t\t<\/div>\n\t\t\t\t<\/div>\n\t\t\t\t\t<\/div>\n\t\t<\/div>\n\t\t\t\t\t<\/div>\n\t\t<\/section>\n\t\t\t\t<section class=\"elementor-section elementor-inner-section elementor-element elementor-element-4afcfcc elementor-section-boxed elementor-section-height-default elementor-section-height-default\" data-id=\"4afcfcc\" data-element_type=\"section\">\n\t\t\t\t\t\t<div class=\"elementor-container elementor-column-gap-default\">\n\t\t\t\t\t<div class=\"elementor-column elementor-col-50 elementor-inner-column elementor-element elementor-element-beeb961\" data-id=\"beeb961\" data-element_type=\"column\">\n\t\t\t<div class=\"elementor-widget-wrap elementor-element-populated\">\n\t\t\t\t\t\t<div class=\"elementor-element elementor-element-13d24bc elementor-widget elementor-widget-image\" data-id=\"13d24bc\" data-element_type=\"widget\" data-widget_type=\"image.default\">\n\t\t\t\t<div class=\"elementor-widget-container\">\n\t\t\t\t\t\t\t\t\t\t\t\t\t\t\t<img loading=\"lazy\" decoding=\"async\" width=\"742\" height=\"468\" src=\"https:\/\/paautos.gt\/inicio\/wp-content\/uploads\/2022\/04\/kyb-gas.jpg\" class=\"attachment-large size-large wp-image-3481\" alt=\"\" srcset=\"https:\/\/paautos.gt\/inicio\/wp-content\/uploads\/2022\/04\/kyb-gas.jpg 742w, https:\/\/paautos.gt\/inicio\/wp-content\/uploads\/2022\/04\/kyb-gas-300x189.jpg 300w\" sizes=\"(max-width: 742px) 100vw, 742px\" \/>\t\t\t\t\t\t\t\t\t\t\t\t\t\t\t<\/div>\n\t\t\t\t<\/div>\n\t\t\t\t\t<\/div>\n\t\t<\/div>\n\t\t\t\t<div class=\"elementor-column elementor-col-50 elementor-inner-column elementor-element elementor-element-76ea47b\" data-id=\"76ea47b\" data-element_type=\"column\">\n\t\t\t<div class=\"elementor-widget-wrap elementor-element-populated\">\n\t\t\t\t\t\t<div class=\"elementor-element elementor-element-b5321fa elementor-widget elementor-widget-heading\" data-id=\"b5321fa\" data-element_type=\"widget\" data-widget_type=\"heading.default\">\n\t\t\t\t<div class=\"elementor-widget-container\">\n\t\t\t\t\t<h3 class=\"elementor-heading-title elementor-size-default\">Amortiguadores KYB Gas-A-GJust<\/h3>\t\t\t\t<\/div>\n\t\t\t\t<\/div>\n\t\t\t\t<div class=\"elementor-element elementor-element-df7c623 elementor-widget elementor-widget-text-editor\" data-id=\"df7c623\" data-element_type=\"widget\" data-widget_type=\"text-editor.default\">\n\t\t\t\t<div class=\"elementor-widget-container\">\n\t\t\t\t\t\t\t\t\tAmortiguadores de gas monotubo a alta\npresi\u00f3n para todas las marcas\ne coches y veh\u00edculos\ncomerciales ligeros.\nMejora el rendimiento en veh\u00edculos equipados con amortiguadores bitubo y en veh\u00edculos equipados de origen con amortiguadores monotubo. El dise\u00f1o del monotubo responde mejor y se ajusta autom\u00e1ticamente a las condiciones de conducci\u00f3n, proporcionando un manejo m\u00e1s firme y un control adicional, usando una carga de gas a alta presi\u00f3n.\t\t\t\t\t\t\t\t<\/div>\n\t\t\t\t<\/div>\n\t\t\t\t\t<\/div>\n\t\t<\/div>\n\t\t\t\t\t<\/div>\n\t\t<\/section>\n\t\t\t\t\t<\/div>\n\t\t<\/div>\n\t\t\t\t\t<\/div>\n\t\t<\/section>\n\t\t\t\t<\/div>\n\t\t","protected":false},"excerpt":{"rendered":"<p>+ DE 100 A\u00d1OS De experiencia fabricando amortiguadores + DE 75 MILLONES De amortiguadores y repuestos producidos cada a\u00f1o\u00a0 + DE 15 FABRICAS Los amortiguadores KYB son producidos en f\u00e1bricas en Am\u00e9rica, Asia y Europa + DE 100 PAISES Los amortiguadores KYB se utilizan en mas de 100 pa\u00edses en el mundo L\u00edneas de amortiguadores [&hellip;]<\/p>\n","protected":false},"author":1,"featured_media":0,"parent":0,"menu_order":0,"comment_status":"closed","ping_status":"closed","template":"","meta":{"_acf_changed":false,"inline_featured_image":false,"site-sidebar-layout":"no-sidebar","site-content-layout":"page-builder","ast-site-content-layout":"default","site-content-style":"default","site-sidebar-style":"default","ast-global-header-display":"","ast-banner-title-visibility":"","ast-main-header-display":"","ast-hfb-above-header-display":"","ast-hfb-below-header-display":"","ast-hfb-mobile-header-display":"","site-post-title":"disabled","ast-breadcrumbs-content":"","ast-featured-img":"disabled","footer-sml-layout":"","theme-transparent-header-meta":"default","adv-header-id-meta":"","stick-header-meta":"","header-above-stick-meta":"","header-main-stick-meta":"","header-below-stick-meta":"","astra-migrate-meta-layouts":"default","ast-page-background-enabled":"default","ast-page-background-meta":{"desktop":{"background-color":"","background-image":"","background-repeat":"repeat","background-position":"center center","background-size":"auto","background-attachment":"scroll","background-type":"","background-media":"","overlay-type":"","overlay-color":"","overlay-opacity":"","overlay-gradient":""},"tablet":{"background-color":"","background-image":"","background-repeat":"repeat","background-position":"center center","background-size":"auto","background-attachment":"scroll","background-type":"","background-media":"","overlay-type":"","overlay-color":"","overlay-opacity":"","overlay-gradient":""},"mobile":{"background-color":"","background-image":"","background-repeat":"repeat","background-position":"center center","background-size":"auto","background-attachment":"scroll","background-type":"","background-media":"","overlay-type":"","overlay-color":"","overlay-opacity":"","overlay-gradient":""}},"ast-content-background-meta":{"desktop":{"background-color":"var(--ast-global-color-5)","background-image":"","background-repeat":"repeat","background-position":"center center","background-size":"auto","background-attachment":"scroll","background-type":"","background-media":"","overlay-type":"","overlay-color":"","overlay-opacity":"","overlay-gradient":""},"tablet":{"background-color":"var(--ast-global-color-5)","background-image":"","background-repeat":"repeat","background-position":"center center","background-size":"auto","background-attachment":"scroll","background-type":"","background-media":"","overlay-type":"","overlay-color":"","overlay-opacity":"","overlay-gradient":""},"mobile":{"background-color":"var(--ast-global-color-5)","background-image":"","background-repeat":"repeat","background-position":"center center","background-size":"auto","background-attachment":"scroll","background-type":"","background-media":"","overlay-type":"","overlay-color":"","overlay-opacity":"","overlay-gradient":""}},"footnotes":""},"class_list":["post-3444","page","type-page","status-publish","hentry"],"acf":[],"_links":{"self":[{"href":"https:\/\/paautos.gt\/inicio\/wp-json\/wp\/v2\/pages\/3444","targetHints":{"allow":["GET"]}}],"collection":[{"href":"https:\/\/paautos.gt\/inicio\/wp-json\/wp\/v2\/pages"}],"about":[{"href":"https:\/\/paautos.gt\/inicio\/wp-json\/wp\/v2\/types\/page"}],"author":[{"embeddable":true,"href":"https:\/\/paautos.gt\/inicio\/wp-json\/wp\/v2\/users\/1"}],"replies":[{"embeddable":true,"href":"https:\/\/paautos.gt\/inicio\/wp-json\/wp\/v2\/comments?post=3444"}],"version-history":[{"count":48,"href":"https:\/\/paautos.gt\/inicio\/wp-json\/wp\/v2\/pages\/3444\/revisions"}],"predecessor-version":[{"id":3505,"href":"https:\/\/paautos.gt\/inicio\/wp-json\/wp\/v2\/pages\/3444\/revisions\/3505"}],"wp:attachment":[{"href":"https:\/\/paautos.gt\/inicio\/wp-json\/wp\/v2\/media?parent=3444"}],"curies":[{"name":"wp","href":"https:\/\/api.w.org\/{rel}","templated":true}]}}