{"id":1350,"date":"2021-06-11T13:27:30","date_gmt":"2021-06-11T13:27:30","guid":{"rendered":"http:\/\/paautos.gt\/inicio\/?page_id=1350"},"modified":"2021-06-11T13:35:09","modified_gmt":"2021-06-11T13:35:09","slug":"politica-de-garantias","status":"publish","type":"page","link":"https:\/\/paautos.gt\/inicio\/politica-de-garantias\/","title":{"rendered":"Pol\u00edtica de Garant\u00edas"},"content":{"rendered":"\t\t<div data-elementor-type=\"wp-page\" data-elementor-id=\"1350\" class=\"elementor elementor-1350\" data-elementor-post-type=\"page\">\n\t\t\t\t\t\t<section class=\"elementor-section elementor-top-section elementor-element elementor-element-3e8f97ab elementor-section-boxed elementor-section-height-default elementor-section-height-default\" data-id=\"3e8f97ab\" data-element_type=\"section\">\n\t\t\t\t\t\t<div class=\"elementor-container elementor-column-gap-default\">\n\t\t\t\t\t<div class=\"elementor-column elementor-col-100 elementor-top-column elementor-element elementor-element-3f6324a8\" data-id=\"3f6324a8\" data-element_type=\"column\">\n\t\t\t<div class=\"elementor-widget-wrap elementor-element-populated\">\n\t\t\t\t\t\t<div class=\"elementor-element elementor-element-55461b46 elementor-widget elementor-widget-heading\" data-id=\"55461b46\" data-element_type=\"widget\" data-widget_type=\"heading.default\">\n\t\t\t\t<div class=\"elementor-widget-container\">\n\t\t\t\t\t<h1 class=\"elementor-heading-title elementor-size-default\">Pol\u00edtica de Garant\u00edas<\/h1>\t\t\t\t<\/div>\n\t\t\t\t<\/div>\n\t\t\t\t\t<\/div>\n\t\t<\/div>\n\t\t\t\t\t<\/div>\n\t\t<\/section>\n\t\t\t\t<section class=\"elementor-section elementor-top-section elementor-element elementor-element-20f60201 elementor-section-stretched elementor-section-boxed elementor-section-height-default elementor-section-height-default\" data-id=\"20f60201\" data-element_type=\"section\" data-settings=\"{&quot;stretch_section&quot;:&quot;section-stretched&quot;,&quot;background_background&quot;:&quot;classic&quot;}\">\n\t\t\t\t\t\t<div class=\"elementor-container elementor-column-gap-default\">\n\t\t\t\t\t<div class=\"elementor-column elementor-col-100 elementor-top-column elementor-element elementor-element-477ab4a4\" data-id=\"477ab4a4\" data-element_type=\"column\">\n\t\t\t<div class=\"elementor-widget-wrap elementor-element-populated\">\n\t\t\t\t\t\t<section class=\"elementor-section elementor-inner-section elementor-element elementor-element-1d013347 elementor-section-boxed elementor-section-height-default elementor-section-height-default\" data-id=\"1d013347\" data-element_type=\"section\">\n\t\t\t\t\t\t<div class=\"elementor-container elementor-column-gap-default\">\n\t\t\t\t\t<div class=\"elementor-column elementor-col-50 elementor-inner-column elementor-element elementor-element-6713a0fe\" data-id=\"6713a0fe\" data-element_type=\"column\">\n\t\t\t<div class=\"elementor-widget-wrap elementor-element-populated\">\n\t\t\t\t\t\t<div class=\"elementor-element elementor-element-3d4444a4 elementor-widget elementor-widget-image\" data-id=\"3d4444a4\" data-element_type=\"widget\" data-widget_type=\"image.default\">\n\t\t\t\t<div class=\"elementor-widget-container\">\n\t\t\t\t\t\t\t\t\t\t\t\t\t\t\t<img fetchpriority=\"high\" decoding=\"async\" width=\"600\" height=\"350\" src=\"https:\/\/paautos.gt\/inicio\/wp-content\/uploads\/2021\/03\/ServicioAmortiguadores.jpg\" class=\"attachment-large size-large wp-image-168\" alt=\"\" srcset=\"https:\/\/paautos.gt\/inicio\/wp-content\/uploads\/2021\/03\/ServicioAmortiguadores.jpg 600w, https:\/\/paautos.gt\/inicio\/wp-content\/uploads\/2021\/03\/ServicioAmortiguadores-300x175.jpg 300w\" sizes=\"(max-width: 600px) 100vw, 600px\" \/>\t\t\t\t\t\t\t\t\t\t\t\t\t\t\t<\/div>\n\t\t\t\t<\/div>\n\t\t\t\t\t<\/div>\n\t\t<\/div>\n\t\t\t\t<div class=\"elementor-column elementor-col-50 elementor-inner-column elementor-element elementor-element-6d344464\" data-id=\"6d344464\" data-element_type=\"column\">\n\t\t\t<div class=\"elementor-widget-wrap elementor-element-populated\">\n\t\t\t\t\t\t<div class=\"elementor-element elementor-element-153d3328 elementor-widget elementor-widget-text-editor\" data-id=\"153d3328\" data-element_type=\"widget\" data-widget_type=\"text-editor.default\">\n\t\t\t\t<div class=\"elementor-widget-container\">\n\t\t\t\t\t\t\t\t\t<p><strong>AMORTIGUADORES<\/strong><br \/>Con la compra e instalaci\u00f3n de amortiguadores con nosotros, extendemos una garant\u00eda con vigencia de 3 meses a partir de la fecha de compra. Dicho documento garantiza \u00fanicamente el buen funcionamiento de los repuestos y servicios. De esta manera responde a fallas del amortiguador por desperfectos de f\u00e1brica, no as\u00ed por da\u00f1os derivados al desgaste por el uso.<\/p><p><strong>ALINEACI\u00d3N 3D<\/strong><br \/>Al realizar el servicio de alineaci\u00f3n de su veh\u00edculo, este tiene garant\u00eda de 1 semana.<\/p>\t\t\t\t\t\t\t\t<\/div>\n\t\t\t\t<\/div>\n\t\t\t\t\t<\/div>\n\t\t<\/div>\n\t\t\t\t\t<\/div>\n\t\t<\/section>\n\t\t\t\t\t<\/div>\n\t\t<\/div>\n\t\t\t\t\t<\/div>\n\t\t<\/section>\n\t\t\t\t<section class=\"elementor-section elementor-top-section elementor-element elementor-element-69795c28 elementor-section-boxed elementor-section-height-default elementor-section-height-default\" data-id=\"69795c28\" data-element_type=\"section\" data-settings=\"{&quot;background_background&quot;:&quot;classic&quot;}\">\n\t\t\t\t\t\t<div class=\"elementor-container elementor-column-gap-default\">\n\t\t\t\t\t<div class=\"elementor-column elementor-col-100 elementor-top-column elementor-element elementor-element-701bf148\" data-id=\"701bf148\" data-element_type=\"column\">\n\t\t\t<div class=\"elementor-widget-wrap elementor-element-populated\">\n\t\t\t\t\t\t<section class=\"elementor-section elementor-inner-section elementor-element elementor-element-3343a083 elementor-section-boxed elementor-section-height-default elementor-section-height-default\" data-id=\"3343a083\" data-element_type=\"section\">\n\t\t\t\t\t\t<div class=\"elementor-container elementor-column-gap-default\">\n\t\t\t\t\t<div class=\"elementor-column elementor-col-50 elementor-inner-column elementor-element elementor-element-31b4615\" data-id=\"31b4615\" data-element_type=\"column\">\n\t\t\t<div class=\"elementor-widget-wrap elementor-element-populated\">\n\t\t\t\t\t\t<div class=\"elementor-element elementor-element-2d7db5a0 elementor-widget elementor-widget-image\" data-id=\"2d7db5a0\" data-element_type=\"widget\" data-widget_type=\"image.default\">\n\t\t\t\t<div class=\"elementor-widget-container\">\n\t\t\t\t\t\t\t\t\t\t\t\t\t\t\t<img decoding=\"async\" width=\"350\" height=\"295\" src=\"https:\/\/paautos.gt\/inicio\/wp-content\/uploads\/2021\/06\/1542645027MILLERalta.png\" class=\"attachment-large size-large wp-image-1352\" alt=\"\" srcset=\"https:\/\/paautos.gt\/inicio\/wp-content\/uploads\/2021\/06\/1542645027MILLERalta.png 350w, https:\/\/paautos.gt\/inicio\/wp-content\/uploads\/2021\/06\/1542645027MILLERalta-300x253.png 300w\" sizes=\"(max-width: 350px) 100vw, 350px\" \/>\t\t\t\t\t\t\t\t\t\t\t\t\t\t\t<\/div>\n\t\t\t\t<\/div>\n\t\t\t\t\t<\/div>\n\t\t<\/div>\n\t\t\t\t<div class=\"elementor-column elementor-col-50 elementor-inner-column elementor-element elementor-element-11f3d46b\" data-id=\"11f3d46b\" data-element_type=\"column\">\n\t\t\t<div class=\"elementor-widget-wrap elementor-element-populated\">\n\t\t\t\t\t\t<div class=\"elementor-element elementor-element-7b36c130 elementor-widget elementor-widget-text-editor\" data-id=\"7b36c130\" data-element_type=\"widget\" data-widget_type=\"text-editor.default\">\n\t\t\t\t<div class=\"elementor-widget-container\">\n\t\t\t\t\t\t\t\t\t<p><strong>GARANTIA TOTAL por desperfecto de f\u00e1brica:<\/strong> <strong>18 meses para veh\u00edculos de gasolina y 10 meses para veh\u00edculos di\u00e9sel o comerciales.<\/strong> El reemplazo del producto durante este tiempo no tiene ning\u00fan costo.<\/p><ul><li><strong>Primer mes de garant\u00eda:<\/strong> cambio inmediato por una bater\u00eda nueva (no aplica para transporte pesado ni servicio p\u00fablico).<\/li><li><strong>Del segundo hasta el \u00faltimo mes de cobertura:<\/strong> todo reclamo de garant\u00eda comprendido en este per\u00edodo deber\u00e1 iniciar el proceso de cobertura. Este consta de un estudio de laboratorio y posteriormente un dictamen. Se proporcionar\u00e1 una bater\u00eda de servicio durante el tiempo que dure el diagn\u00f3stico y se determinar\u00e1 si aplica la garant\u00eda.<\/li><\/ul><p><strong>Como resultado de realizar el diagn\u00f3stico de laboratorio, se puede obtener los siguientes casos:<\/strong><\/p><ul><li><strong>Defecto de f\u00e1brica:<\/strong> la bater\u00eda presenta deficiencias o imperfecciones de f\u00e1brica, entonces se procede a reemplazar por una bater\u00eda<strong> MILLER<\/strong> completamente nueva.<\/li><li><strong>Bater\u00eda descargada y en buen estado:<\/strong> esto quiere decir que la bater\u00eda \u00fanicamente sufri\u00f3 una descarga, entonces procedemos a cargarla y posteriormente a realizar la devoluci\u00f3n, sustituyendo la bater\u00eda de servicio.<\/li><\/ul><p><strong>NOTA:<\/strong> Es importante mencionar que la descarga de una bater\u00eda puede derivarse a un fallo en el sistema el\u00e9ctrico (del veh\u00edculo), a dejar un componente encendido estando el motor apagado (luces, radio, etc.) o a consumo pasivo de carga (alarma, localizadores o contactos a tierra no visibles).<\/p><p><strong>PRIMERA MARCA CON SERVICIO DE GARANT\u00cdA A DOMICILIO GRATIS.<\/strong><\/p>\t\t\t\t\t\t\t\t<\/div>\n\t\t\t\t<\/div>\n\t\t\t\t\t<\/div>\n\t\t<\/div>\n\t\t\t\t\t<\/div>\n\t\t<\/section>\n\t\t\t\t\t<\/div>\n\t\t<\/div>\n\t\t\t\t\t<\/div>\n\t\t<\/section>\n\t\t\t\t<section class=\"elementor-section elementor-top-section elementor-element elementor-element-710a736d elementor-section-stretched elementor-section-boxed elementor-section-height-default elementor-section-height-default\" data-id=\"710a736d\" data-element_type=\"section\" data-settings=\"{&quot;stretch_section&quot;:&quot;section-stretched&quot;,&quot;background_background&quot;:&quot;classic&quot;}\">\n\t\t\t\t\t\t<div class=\"elementor-container elementor-column-gap-default\">\n\t\t\t\t\t<div class=\"elementor-column elementor-col-100 elementor-top-column elementor-element elementor-element-83323ab\" data-id=\"83323ab\" data-element_type=\"column\">\n\t\t\t<div class=\"elementor-widget-wrap elementor-element-populated\">\n\t\t\t\t\t\t<section class=\"elementor-section elementor-inner-section elementor-element elementor-element-78421ab2 elementor-section-boxed elementor-section-height-default elementor-section-height-default\" data-id=\"78421ab2\" data-element_type=\"section\">\n\t\t\t\t\t\t<div class=\"elementor-container elementor-column-gap-default\">\n\t\t\t\t\t<div class=\"elementor-column elementor-col-50 elementor-inner-column elementor-element elementor-element-19b1a07c\" data-id=\"19b1a07c\" data-element_type=\"column\">\n\t\t\t<div class=\"elementor-widget-wrap elementor-element-populated\">\n\t\t\t\t\t\t<div class=\"elementor-element elementor-element-3cc7ba24 elementor-widget elementor-widget-image\" data-id=\"3cc7ba24\" data-element_type=\"widget\" data-widget_type=\"image.default\">\n\t\t\t\t<div class=\"elementor-widget-container\">\n\t\t\t\t\t\t\t\t\t\t\t\t\t\t\t<img decoding=\"async\" width=\"540\" height=\"123\" src=\"https:\/\/paautos.gt\/inicio\/wp-content\/uploads\/2021\/06\/logo-baterias-connor.jpg\" class=\"attachment-large size-large wp-image-1353\" alt=\"\" srcset=\"https:\/\/paautos.gt\/inicio\/wp-content\/uploads\/2021\/06\/logo-baterias-connor.jpg 540w, https:\/\/paautos.gt\/inicio\/wp-content\/uploads\/2021\/06\/logo-baterias-connor-300x68.jpg 300w\" sizes=\"(max-width: 540px) 100vw, 540px\" \/>\t\t\t\t\t\t\t\t\t\t\t\t\t\t\t<\/div>\n\t\t\t\t<\/div>\n\t\t\t\t\t<\/div>\n\t\t<\/div>\n\t\t\t\t<div class=\"elementor-column elementor-col-50 elementor-inner-column elementor-element elementor-element-195f0e57\" data-id=\"195f0e57\" data-element_type=\"column\">\n\t\t\t<div class=\"elementor-widget-wrap elementor-element-populated\">\n\t\t\t\t\t\t<div class=\"elementor-element elementor-element-33399127 elementor-widget elementor-widget-text-editor\" data-id=\"33399127\" data-element_type=\"widget\" data-widget_type=\"text-editor.default\">\n\t\t\t\t<div class=\"elementor-widget-container\">\n\t\t\t\t\t\t\t\t\t<p><strong>GARANTIA TOTAL por desperfecto de f\u00e1brica: 12 meses para veh\u00edculos de gasolina y 6 meses para veh\u00edculos di\u00e9sel o comerciales.<\/strong> El reemplazo del producto durante este tiempo no tiene ning\u00fan costo.<\/p><ul><li><strong>Primer mes de garant\u00eda:<\/strong> cambio inmediato por una bater\u00eda nueva (no aplica para transporte pesado ni servicio p\u00fablico).<\/li><li><strong>Del segundo hasta el \u00faltimo mes de cobertura:<\/strong> todo reclamo de garant\u00eda comprendido en este per\u00edodo deber\u00e1 iniciar el proceso de cobertura. Este consta de un estudio de laboratorio y posteriormente un dictamen. Se proporcionar\u00e1 una bater\u00eda de servicio durante el tiempo que dure el diagn\u00f3stico y se determinar\u00e1 si aplica la garant\u00eda.<\/li><\/ul><p>Como resultado de realizar el diagn\u00f3stico se puede obtener los siguientes casos:<\/p><ul><li><strong>Defecto de f\u00e1brica:<\/strong> la bater\u00eda presenta deficiencias o imperfecciones de f\u00e1brica, entonces se procede a reemplazar por una bater\u00eda CONNOR completamente nueva.<\/li><li><strong>Bater\u00eda descargada y en buen estado:<\/strong> esto quiere decir que la bater\u00eda \u00fanicamente sufri\u00f3 una descarga, entonces procedemos a cargarla y posteriormente a realizar la devoluci\u00f3n, sustituyendo la bater\u00eda de servicio.<br \/><strong>NOTA:<\/strong> Es importante mencionar que la descarga de una bater\u00eda puede derivarse a un fallo en el sistema el\u00e9ctrico (del veh\u00edculo), a dejar un componente encendido estando el motor apagado (luces, radio, etc.) o a consumo pasivo de carga (alarma, localizadores o contactos a tierra no visibles).<\/li><\/ul><p><strong>SERVICIO DE GARANT\u00cdA A DOMICILIO GRATIS<\/strong><\/p>\t\t\t\t\t\t\t\t<\/div>\n\t\t\t\t<\/div>\n\t\t\t\t\t<\/div>\n\t\t<\/div>\n\t\t\t\t\t<\/div>\n\t\t<\/section>\n\t\t\t\t\t<\/div>\n\t\t<\/div>\n\t\t\t\t\t<\/div>\n\t\t<\/section>\n\t\t\t\t<section class=\"elementor-section elementor-top-section elementor-element elementor-element-28e63d2 elementor-section-stretched elementor-section-boxed elementor-section-height-default elementor-section-height-default\" data-id=\"28e63d2\" data-element_type=\"section\" data-settings=\"{&quot;stretch_section&quot;:&quot;section-stretched&quot;,&quot;background_background&quot;:&quot;classic&quot;}\">\n\t\t\t\t\t\t<div class=\"elementor-container elementor-column-gap-default\">\n\t\t\t\t\t<div class=\"elementor-column elementor-col-100 elementor-top-column elementor-element elementor-element-28c2303f\" data-id=\"28c2303f\" data-element_type=\"column\">\n\t\t\t<div class=\"elementor-widget-wrap elementor-element-populated\">\n\t\t\t\t\t\t<section class=\"elementor-section elementor-inner-section elementor-element elementor-element-7c2f9dbd elementor-section-boxed elementor-section-height-default elementor-section-height-default\" data-id=\"7c2f9dbd\" data-element_type=\"section\">\n\t\t\t\t\t\t<div class=\"elementor-container elementor-column-gap-default\">\n\t\t\t\t\t<div class=\"elementor-column elementor-col-50 elementor-inner-column elementor-element elementor-element-6c6665f7\" data-id=\"6c6665f7\" data-element_type=\"column\">\n\t\t\t<div class=\"elementor-widget-wrap elementor-element-populated\">\n\t\t\t\t\t\t<div class=\"elementor-element elementor-element-1b6ecaf8 elementor-widget elementor-widget-image\" data-id=\"1b6ecaf8\" data-element_type=\"widget\" data-widget_type=\"image.default\">\n\t\t\t\t<div class=\"elementor-widget-container\">\n\t\t\t\t\t\t\t\t\t\t\t\t\t\t\t<img loading=\"lazy\" decoding=\"async\" width=\"350\" height=\"295\" src=\"https:\/\/paautos.gt\/inicio\/wp-content\/uploads\/2021\/06\/1542644928LTHalta.png\" class=\"attachment-large size-large wp-image-1354\" alt=\"\" srcset=\"https:\/\/paautos.gt\/inicio\/wp-content\/uploads\/2021\/06\/1542644928LTHalta.png 350w, https:\/\/paautos.gt\/inicio\/wp-content\/uploads\/2021\/06\/1542644928LTHalta-300x253.png 300w\" sizes=\"(max-width: 350px) 100vw, 350px\" \/>\t\t\t\t\t\t\t\t\t\t\t\t\t\t\t<\/div>\n\t\t\t\t<\/div>\n\t\t\t\t\t<\/div>\n\t\t<\/div>\n\t\t\t\t<div class=\"elementor-column elementor-col-50 elementor-inner-column elementor-element elementor-element-67d91619\" data-id=\"67d91619\" data-element_type=\"column\">\n\t\t\t<div class=\"elementor-widget-wrap elementor-element-populated\">\n\t\t\t\t\t\t<div class=\"elementor-element elementor-element-f7f19bf elementor-widget elementor-widget-text-editor\" data-id=\"f7f19bf\" data-element_type=\"widget\" data-widget_type=\"text-editor.default\">\n\t\t\t\t<div class=\"elementor-widget-container\">\n\t\t\t\t\t\t\t\t\t<p><strong>LTH<\/strong><br \/>12 meses de garant\u00eda total, el reemplazo del producto durante este tiempo no tiene ning\u00fan costo.<br \/>36 meses extras de garant\u00eda proporcional, se debe cancelar un pago parcial dependiendo del tiempo de uso y diagnostico t\u00e9cnico.<\/p><p><strong>LTH HI-TEC<\/strong><br \/>12 meses de garant\u00eda total, el reemplazo del producto durante este tiempo no tiene ning\u00fan costo.<br \/>36 meses extras de garant\u00eda proporcional, se debe cancelar un pago parcial dependiendo del tiempo de uso y diagnostico t\u00e9cnico.<\/p><p><strong>La garant\u00eda de estas bater\u00edas es cubierta por Acumuladores Iberia.<\/strong><\/p>\t\t\t\t\t\t\t\t<\/div>\n\t\t\t\t<\/div>\n\t\t\t\t\t<\/div>\n\t\t<\/div>\n\t\t\t\t\t<\/div>\n\t\t<\/section>\n\t\t\t\t\t<\/div>\n\t\t<\/div>\n\t\t\t\t\t<\/div>\n\t\t<\/section>\n\t\t\t\t<\/div>\n\t\t","protected":false},"excerpt":{"rendered":"<p>Pol\u00edtica de Garant\u00edas AMORTIGUADORESCon la compra e instalaci\u00f3n de amortiguadores con nosotros, extendemos una garant\u00eda con vigencia de 3 meses a partir de la fecha de compra. Dicho documento garantiza \u00fanicamente el buen funcionamiento de los repuestos y servicios. De esta manera responde a fallas del amortiguador por desperfectos de f\u00e1brica, no as\u00ed por da\u00f1os [&hellip;]<\/p>\n","protected":false},"author":1,"featured_media":0,"parent":0,"menu_order":0,"comment_status":"closed","ping_status":"closed","template":"","meta":{"_acf_changed":false,"inline_featured_image":false,"site-sidebar-layout":"no-sidebar","site-content-layout":"page-builder","ast-site-content-layout":"default","site-content-style":"default","site-sidebar-style":"default","ast-global-header-display":"","ast-banner-title-visibility":"","ast-main-header-display":"","ast-hfb-above-header-display":"","ast-hfb-below-header-display":"","ast-hfb-mobile-header-display":"","site-post-title":"disabled","ast-breadcrumbs-content":"","ast-featured-img":"disabled","footer-sml-layout":"","theme-transparent-header-meta":"default","adv-header-id-meta":"","stick-header-meta":"","header-above-stick-meta":"","header-main-stick-meta":"","header-below-stick-meta":"","astra-migrate-meta-layouts":"default","ast-page-background-enabled":"default","ast-page-background-meta":{"desktop":{"background-color":"","background-image":"","background-repeat":"repeat","background-position":"center center","background-size":"auto","background-attachment":"scroll","background-type":"","background-media":"","overlay-type":"","overlay-color":"","overlay-opacity":"","overlay-gradient":""},"tablet":{"background-color":"","background-image":"","background-repeat":"repeat","background-position":"center center","background-size":"auto","background-attachment":"scroll","background-type":"","background-media":"","overlay-type":"","overlay-color":"","overlay-opacity":"","overlay-gradient":""},"mobile":{"background-color":"","background-image":"","background-repeat":"repeat","background-position":"center center","background-size":"auto","background-attachment":"scroll","background-type":"","background-media":"","overlay-type":"","overlay-color":"","overlay-opacity":"","overlay-gradient":""}},"ast-content-background-meta":{"desktop":{"background-color":"var(--ast-global-color-5)","background-image":"","background-repeat":"repeat","background-position":"center center","background-size":"auto","background-attachment":"scroll","background-type":"","background-media":"","overlay-type":"","overlay-color":"","overlay-opacity":"","overlay-gradient":""},"tablet":{"background-color":"var(--ast-global-color-5)","background-image":"","background-repeat":"repeat","background-position":"center center","background-size":"auto","background-attachment":"scroll","background-type":"","background-media":"","overlay-type":"","overlay-color":"","overlay-opacity":"","overlay-gradient":""},"mobile":{"background-color":"var(--ast-global-color-5)","background-image":"","background-repeat":"repeat","background-position":"center center","background-size":"auto","background-attachment":"scroll","background-type":"","background-media":"","overlay-type":"","overlay-color":"","overlay-opacity":"","overlay-gradient":""}},"footnotes":""},"class_list":["post-1350","page","type-page","status-publish","hentry"],"acf":[],"_links":{"self":[{"href":"https:\/\/paautos.gt\/inicio\/wp-json\/wp\/v2\/pages\/1350","targetHints":{"allow":["GET"]}}],"collection":[{"href":"https:\/\/paautos.gt\/inicio\/wp-json\/wp\/v2\/pages"}],"about":[{"href":"https:\/\/paautos.gt\/inicio\/wp-json\/wp\/v2\/types\/page"}],"author":[{"embeddable":true,"href":"https:\/\/paautos.gt\/inicio\/wp-json\/wp\/v2\/users\/1"}],"replies":[{"embeddable":true,"href":"https:\/\/paautos.gt\/inicio\/wp-json\/wp\/v2\/comments?post=1350"}],"version-history":[{"count":4,"href":"https:\/\/paautos.gt\/inicio\/wp-json\/wp\/v2\/pages\/1350\/revisions"}],"predecessor-version":[{"id":1361,"href":"https:\/\/paautos.gt\/inicio\/wp-json\/wp\/v2\/pages\/1350\/revisions\/1361"}],"wp:attachment":[{"href":"https:\/\/paautos.gt\/inicio\/wp-json\/wp\/v2\/media?parent=1350"}],"curies":[{"name":"wp","href":"https:\/\/api.w.org\/{rel}","templated":true}]}}